{"id":85,"date":"2016-01-06T15:13:57","date_gmt":"2016-01-06T14:13:57","guid":{"rendered":"http:\/\/pnott.se\/wordpress\/?page_id=85"},"modified":"2022-08-02T14:28:43","modified_gmt":"2022-08-02T13:28:43","slug":"fritid","status":"publish","type":"page","link":"https:\/\/pnott.se\/wordpress\/fritid\/","title":{"rendered":"Fritid"},"content":{"rendered":"\n<p>Jag \u00e4r en n\u00f6rd. Den h\u00e4r sidan handlar om mina n\u00f6rderier, eller fritidsintressen om du s\u00e5 vill. Den handlar om datorerna, tr\u00e4ningen och tr\u00e4dg\u00e5rden.<\/p>\n\n\n\n<h2 class=\"wp-block-heading\">Datorerna<\/h2>\n\n\n<div class=\"wp-block-image\">\n<figure class=\"alignright\"><img decoding=\"async\" src=\"http:\/\/pnott.se\/pontus\/diverse\/2016-01-06%20Sinclair-ZX81.jpg\" alt=\"Sinclair Zx81 pic by Evan-Amos\"\/><\/figure>\n<\/div>\n\n\n<p>Vi b\u00f6rjar v\u00e4l med datorerna d\u00e5. Som b\u00f6rjade med en Sinclair ZX81 i julklapp en g\u00e5ng i en annan tidsepok. 1981 tror jag det var&#8230;<\/p>\n\n\n\n<p>Idag har jag en PC i arbetsrummet och en under TV:n i vardagsrummet. Inget konstigt s\u00e5 l\u00e5ngt. Det roliga \u00e4r utmaningen med att f\u00e5 &#8220;det&#8221; att funka. Nu n\u00e4r &#8220;molnet&#8221; blir allt popul\u00e4rare s\u00e5 g\u00f6r jag tv\u00e4rt om. Det var ganska m\u00e5nga \u00e5r sen jag plockade hem min hemsida till en gammal laptop som stod och snurrade i f\u00f6rr\u00e5det. Bara f\u00f6r att f\u00f6rst\u00e5 hur en webbserver funkar. N\u00e4r laptopen pajade s\u00e5 flyttade jag hemsidan till en RaspberryPi som f\u00f6rst\u00e5s fick flytta in i f\u00f6rr\u00e5det ist\u00e4llet.<\/p>\n\n\n<div class=\"wp-block-image\">\n<figure class=\"alignleft\"><img decoding=\"async\" src=\"http:\/\/pnott.se\/pontus\/diverse\/2015-12-23%20Ny%20RaspberryPi2.JPG\" alt=\"\"\/><\/figure>\n<\/div>\n\n\n<p>Den ursprungliga Pi:en var ju inget under av snabbhet och det kr\u00e4vdes lite lirkande f\u00f6r att f\u00e5 hemsidans relativt processorintensiva php-script att presenteras acceptabelt snabbt.<\/p>\n\n\n\n<p>S\u00e5 \u00e4r vi d\u00e5 framme vid julen 2015. En tanke hade v\u00e4xt under en tid och nu gjorde jag slag i saken. Jag k\u00f6pte mig en ny RaspberryPi2, en upphottad variant av min gamla Pi. Hemsidan fick flytta \u00f6ver till nykomlingen och jag bytte till en WordPressplattform. Nu skulle den gamla maskinen f\u00e5 nya arbetsuppgifter!<\/p>\n\n\n<div class=\"wp-block-image\">\n<figure class=\"alignright\"><img decoding=\"async\" src=\"http:\/\/pnott.se\/pontus\/diverse\/2016-01-06%20TellstickNet.JPG\" alt=\"TellstickNet\"\/><\/figure>\n<\/div>\n\n\n<p>Jag jobbar ju med SCADA-system till vardags och min Tellstick Net kan s\u00e4gas vara ett litet SCADA-system. Jag ville anv\u00e4nda min gamla Pi f\u00f6r att logga temperaturdata som jag sen kunde presentera p\u00e5 hemsidan med hj\u00e4lp av den nya Pi:en. Resultatet hittar du i menyn till v\u00e4nster under rubriken <a href=\"http:\/\/pnott.se\/wordpress\/temp\/\">temperatur.<\/a><\/p>\n\n\n\n<p>Den ursprungliga PI:en byttes snart till en 2:a den med.<\/p>\n\n\n\n<p>2020 uppgraderade jag mig sj\u00e4lv till https, med ett certifikat fr\u00e5n let&#8217;s encrypt.<\/p>\n\n\n\n<p>2022 s\u00e5 b\u00f6rjade b\u00e5de operativsystem, webbserver och WordPressversion bli n\u00e5got utdaterade, och svaret fick bli att k\u00f6pa \u00e4nnu en PI, den h\u00e4r g\u00e5ngen av <a href=\"https:\/\/pnott.se\/wordpress\/ny-webbserver\/\">version 4<\/a>. Dit flyttade jag webbservern och sedan installerade jag om den gamla <a href=\"https:\/\/pnott.se\/wordpress\/och-ny-databasserver\/\">2:a<\/a> som webbservern hade blivit \u00f6ver och installerade databasen p\u00e5 den.<\/p>\n\n\n\n<p>Just nu \u00e4r den 2:a som f\u00f6rut gick som databasserver allts\u00e5 arbetsl\u00f6s.<\/p>\n\n\n\n<h2 class=\"wp-block-heading\">Tr\u00e4ningen<\/h2>\n\n\n\n<p>Som ung s\u00e5 \u00e4gnade jag ingen tid \u00e5t tr\u00e4ning, utan det var f\u00f6rst i vuxen \u00e5lder som jag har f\u00f6rst\u00e5tt tjusningen! B\u00f6rjade som gymr\u00e5tta och letade mig fram\u00e5t slutet p\u00e5 90-talet in i grupptr\u00e4ningssalarna.<\/p>\n\n\n\n<p>Sedan 18 december 2014 s\u00e5 \u00e4r det <a href=\"http:\/\/www.factorgym.com\/\" target=\"_blank\" rel=\"noopener\">Factor <\/a>och crossfit som \u00e4r min huvudsakliga tr\u00e4ningsform, och d\u00e4r hittar du mig de flesta av veckans dagar. Crossfiten kombinerar jag med yoga p\u00e5 <a href=\"http:\/\/www.actic.se\/club\/vasteras-city\/\" target=\"_blank\" rel=\"noopener\">Actic V\u00e4ster\u00e5s City<\/a>.<\/p>\n\n\n\n<p>L\u00e4nge hade jag en tr\u00e4ningsdagbok p\u00e5 en tr\u00e4ningssite som hette funbeat.se. N\u00e4r de lade ner s\u00e5 beg\u00e4rde jag att f\u00e5 hem alla data och kn\u00e5pade ihop men egen dagbok, som \u00e4r publicerad h\u00e4r p\u00e5 pnott .se, under rubriken <a href=\"https:\/\/pnott.se\/wordpress\/traningsdagbok-statistik\/\">tr\u00e4ningsdagbok<\/a>. Jag anv\u00e4nder min databasserver f\u00f6r lagring och webbservern f\u00f6r inmatning och presentation.<\/p>\n\n\n\n<h2 class=\"wp-block-heading\">Tr\u00e4dg\u00e5rden<\/h2>\n\n\n\n<p>I min lilla radhustr\u00e4dg\u00e5rd vill jag f\u00e5 plats med allt! Och det g\u00e5r att f\u00e5 plats med mer \u00e4n du tror! Nu b\u00f6rjar det bli fullt, men jag ville \u00e4nd\u00e5 beh\u00e5lla texten nedan eftersom den \u00e4r s\u00e5 h\u00e4rligt optimistisk!<\/p>\n\n\n<div class=\"wp-block-image\">\n<figure class=\"alignleft\"><img decoding=\"async\" src=\"http:\/\/pnott.se\/pontus\/diverse\/2015-07-04%20Honungsrosorna.JPG\" alt=\"Honungsrosor\"\/><\/figure>\n<\/div>\n\n\n<blockquote class=\"wp-block-quote is-layout-flow wp-block-quote-is-layout-flow\"><p>Tr\u00e4dg\u00e5rdss\u00e4songen b\u00f6rjar i februari p\u00e5 bokrean. D\u00e5 k\u00f6per jag tr\u00e4dg\u00e5rdsb\u00f6cker och sen sitter jag d\u00e4r i ett par m\u00e5nader och bl\u00e4ddrar och l\u00e5ter mig inspireras. Sen n\u00e4r v\u00e5ren kommer n\u00e4r det \u00e4r dags f\u00f6r att s\u00e4tta spaden i jorden s\u00e5 k\u00e4nns det underbart! D\u00e5 ska nya id\u00e9er f\u00f6rverkligas!<\/p><\/blockquote>\n\n\n<div class=\"wp-block-image\">\n<figure class=\"alignright\"><img decoding=\"async\" src=\"http:\/\/pnott.se\/pontus\/diverse\/2015-07-05%20Vitpytta.JPG\" alt=\"Vitpytta\"\/><\/figure>\n<\/div>\n\n\n<blockquote class=\"wp-block-quote is-layout-flow wp-block-quote-is-layout-flow\"><p>Med spalj\u00e9er och uppbindningar s\u00e5 kan man bygga p\u00e5 h\u00f6jden. S\u00e5 kan man f\u00e5 plats med mycket trots att platsen \u00e4r begr\u00e4nsad. Rosor och Clematis kl\u00e4ttrar b\u00e5de h\u00e4r och d\u00e4r, och nedanf\u00f6r brer perenner och kryddor ut sig. Och s\u00e5 pelargoner f\u00f6rst\u00e5s, som f\u00e5r bo inomhus p\u00e5 vintern.<\/p><\/blockquote>\n\n\n\n<p>Sen var det det h\u00e4r med datorerna igen. Jag utvecklade en funktionalitet f\u00f6r att generera fotoalbum automatiskt bara jag lade bilderna i r\u00e4tt folder p\u00e5 servern. Anledningen var framf\u00f6r allt f\u00f6r att jag ville kunna f\u00f6lja hur tr\u00e4dg\u00e5rden utvecklades mellan \u00e5ren. Tr\u00e4dg\u00e5rdsalbumet hittar du <a href=\"https:\/\/pnott.se\/wordpress\/bilder\/?dir=%2FTr%C3%A4dg%C3%A5rden\" data-type=\"URL\" data-id=\"https:\/\/pnott.se\/wordpress\/bilder\/?dir=%2FTr%C3%A4dg%C3%A5rden\">h\u00e4r<\/a>.<\/p>\n","protected":false},"excerpt":{"rendered":"<p>Jag \u00e4r en n\u00f6rd. Den h\u00e4r sidan handlar om mina n\u00f6rderier, eller fritidsintressen om du s\u00e5 vill. Den handlar om datorerna, tr\u00e4ningen och tr\u00e4dg\u00e5rden. Datorerna Vi b\u00f6rjar v\u00e4l med datorerna d\u00e5. Som b\u00f6rjade med en Sinclair ZX81 i julklapp en g\u00e5ng i en annan tidsepok. 1981 tror jag det var&#8230; Idag har jag en PC &hellip; <a href=\"https:\/\/pnott.se\/wordpress\/fritid\/\" class=\"more-link\">Continue reading <span class=\"screen-reader-text\">Fritid<\/span><\/a><\/p>\n","protected":false},"author":1,"featured_media":0,"parent":0,"menu_order":0,"comment_status":"closed","ping_status":"closed","template":"","meta":{"footnotes":""},"class_list":["post-85","page","type-page","status-publish","hentry"],"_links":{"self":[{"href":"https:\/\/pnott.se\/wordpress\/wp-json\/wp\/v2\/pages\/85","targetHints":{"allow":["GET"]}}],"collection":[{"href":"https:\/\/pnott.se\/wordpress\/wp-json\/wp\/v2\/pages"}],"about":[{"href":"https:\/\/pnott.se\/wordpress\/wp-json\/wp\/v2\/types\/page"}],"author":[{"embeddable":true,"href":"https:\/\/pnott.se\/wordpress\/wp-json\/wp\/v2\/users\/1"}],"replies":[{"embeddable":true,"href":"https:\/\/pnott.se\/wordpress\/wp-json\/wp\/v2\/comments?post=85"}],"version-history":[{"count":15,"href":"https:\/\/pnott.se\/wordpress\/wp-json\/wp\/v2\/pages\/85\/revisions"}],"predecessor-version":[{"id":753,"href":"https:\/\/pnott.se\/wordpress\/wp-json\/wp\/v2\/pages\/85\/revisions\/753"}],"wp:attachment":[{"href":"https:\/\/pnott.se\/wordpress\/wp-json\/wp\/v2\/media?parent=85"}],"curies":[{"name":"wp","href":"https:\/\/api.w.org\/{rel}","templated":true}]}}